{"id":3,"date":"2025-10-13T08:11:50","date_gmt":"2025-10-13T08:11:50","guid":{"rendered":"https:\/\/changyupump.com\/?page_id=3"},"modified":"2026-04-14T03:47:16","modified_gmt":"2026-04-14T03:47:16","slug":"privacy-policy","status":"publish","type":"page","link":"https:\/\/changyupump.com\/es\/privacy-policy\/","title":{"rendered":"Pol\u00edtica de privacidad"},"content":{"rendered":"<p><strong>Qui\u00e9nes somos<\/strong> La direcci\u00f3n de nuestro sitio web es: <a href=\"https:\/\/changyupump.com\/es\/\" target=\"_blank\" rel=\"noreferrer noopener\">https:\/\/changyupump.com<\/a>. Somos un fabricante profesional de bombas qu\u00edmicas.<\/p>\n\n\n\n<p><strong>Protecci\u00f3n de reCAPTCHA<\/strong> Este sitio est\u00e1 protegido por reCAPTCHA y Google <a target=\"_blank\" rel=\"noreferrer noopener\" href=\"https:\/\/policies.google.com\/privacy\">Pol\u00edtica de privacidad<\/a> y <a target=\"_blank\" rel=\"noreferrer noopener\" href=\"https:\/\/policies.google.com\/terms\">Condiciones de servicio<\/a> aplicar.<\/p>\n\n\n\n<p><strong>Recopilaci\u00f3n y uso de datos<\/strong> Cuando visita nuestro sitio web o env\u00eda una consulta, recopilamos informaci\u00f3n como su nombre, correo electr\u00f3nico de trabajo y n\u00famero de tel\u00e9fono para poder ofrecerle cotizaciones precisas y asistencia t\u00e9cnica.<\/p>\n\n\n\n<p><strong>Cookies<\/strong> Utilizamos cookies para mejorar la funcionalidad del sitio, recordar tus preferencias de idioma (a trav\u00e9s de TranslatePress) y analizar los patrones de tr\u00e1fico. Puedes gestionar la configuraci\u00f3n de las cookies en tu navegador en cualquier momento.<\/p>\n\n\n\n<p><strong>Contenido incrustado<\/strong> Los art\u00edculos de este sitio pueden incluir contenido incrustado (por ejemplo, v\u00eddeos de YouTube). El contenido incrustado de otros sitios web se comporta exactamente igual que si el visitante hubiera visitado directamente ese otro sitio web.<\/p>\n\n\n\n<p><strong>Durante cu\u00e1nto tiempo conservamos tus datos<\/strong> Conservamos los datos de las consultas comerciales durante el tiempo que sea necesario para prestar los servicios solicitados y cumplir con las obligaciones legales de la empresa.<\/p>\n\n\n\n<p><strong>Tus derechos<\/strong> Puede solicitar que le enviemos un archivo con los datos personales que tenemos sobre usted, o pedirnos que eliminemos dichos datos. Esto no incluye los datos que estamos obligados a conservar por motivos administrativos, legales o de seguridad.<\/p>","protected":false},"excerpt":{"rendered":"<p>Who we are Our website address is: https:\/\/changyupump.com. We are a professional manufacturer of chemical pumps. reCAPTCHA Protection This site is protected by reCAPTCHA and the Google Privacy Policy and Terms of Service apply. Data Collection and Use When you visit our site or submit an inquiry, we collect information such as your name, business&#8230;<\/p>","protected":false},"author":1,"featured_media":0,"parent":0,"menu_order":0,"comment_status":"closed","ping_status":"open","template":"","meta":{"_acf_changed":false,"_kad_blocks_custom_css":"","_kad_blocks_head_custom_js":"","_kad_blocks_body_custom_js":"","_kad_blocks_footer_custom_js":"","_kadence_starter_templates_imported_post":false,"_kad_post_transparent":"","_kad_post_title":"","_kad_post_layout":"","_kad_post_sidebar_id":"","_kad_post_content_style":"","_kad_post_vertical_padding":"","_kad_post_feature":"","_kad_post_feature_position":"","_kad_post_header":false,"_kad_post_footer":false,"footnotes":""},"class_list":["post-3","page","type-page","status-publish","hentry"],"acf":[],"taxonomy_info":[],"featured_image_src_large":false,"author_info":{"display_name":"jade@changyupump.com","author_link":"https:\/\/changyupump.com\/es\/author\/jadechangyupump-com\/"},"comment_info":0,"_links":{"self":[{"href":"https:\/\/changyupump.com\/es\/wp-json\/wp\/v2\/pages\/3","targetHints":{"allow":["GET"]}}],"collection":[{"href":"https:\/\/changyupump.com\/es\/wp-json\/wp\/v2\/pages"}],"about":[{"href":"https:\/\/changyupump.com\/es\/wp-json\/wp\/v2\/types\/page"}],"author":[{"embeddable":true,"href":"https:\/\/changyupump.com\/es\/wp-json\/wp\/v2\/users\/1"}],"replies":[{"embeddable":true,"href":"https:\/\/changyupump.com\/es\/wp-json\/wp\/v2\/comments?post=3"}],"version-history":[{"count":4,"href":"https:\/\/changyupump.com\/es\/wp-json\/wp\/v2\/pages\/3\/revisions"}],"predecessor-version":[{"id":4374,"href":"https:\/\/changyupump.com\/es\/wp-json\/wp\/v2\/pages\/3\/revisions\/4374"}],"wp:attachment":[{"href":"https:\/\/changyupump.com\/es\/wp-json\/wp\/v2\/media?parent=3"}],"curies":[{"name":"wp","href":"https:\/\/api.w.org\/{rel}","templated":true}]}}