{"id":3,"date":"2025-10-13T08:11:50","date_gmt":"2025-10-13T08:11:50","guid":{"rendered":"https:\/\/changyupump.com\/?page_id=3"},"modified":"2026-04-14T03:47:16","modified_gmt":"2026-04-14T03:47:16","slug":"privacy-policy","status":"publish","type":"page","link":"https:\/\/changyupump.com\/fr\/privacy-policy\/","title":{"rendered":"Politique de confidentialit\u00e9"},"content":{"rendered":"<p><strong>Qui sommes-nous ?<\/strong> L'adresse de notre site web est la suivante : <a href=\"https:\/\/changyupump.com\/fr\/\" target=\"_blank\" rel=\"noreferrer noopener\">https:\/\/changyupump.com<\/a>. Nous sommes un fabricant professionnel de pompes chimiques.<\/p>\n\n\n\n<p><strong>Protection reCAPTCHA<\/strong> Ce site est prot\u00e9g\u00e9 par reCAPTCHA et la technologie Google <a target=\"_blank\" rel=\"noreferrer noopener\" href=\"https:\/\/policies.google.com\/privacy\">Politique de confidentialit\u00e9<\/a> et <a target=\"_blank\" rel=\"noreferrer noopener\" href=\"https:\/\/policies.google.com\/terms\">Conditions d'utilisation<\/a> s'appliquer.<\/p>\n\n\n\n<p><strong>Collecte et utilisation des donn\u00e9es<\/strong> Lorsque vous visitez notre site ou soumettez une demande, nous recueillons des informations telles que votre nom, votre adresse \u00e9lectronique professionnelle et votre num\u00e9ro de t\u00e9l\u00e9phone afin de vous fournir des devis pr\u00e9cis et une assistance technique.<\/p>\n\n\n\n<p><strong>Cookies<\/strong> Nous utilisons des cookies pour am\u00e9liorer la fonctionnalit\u00e9 du site, m\u00e9moriser vos pr\u00e9f\u00e9rences linguistiques (via TranslatePress) et analyser les sch\u00e9mas de trafic. Vous pouvez \u00e0 tout moment modifier les param\u00e8tres des cookies dans votre navigateur.<\/p>\n\n\n\n<p><strong>Contenu int\u00e9gr\u00e9<\/strong> Les articles de ce site peuvent contenir du contenu int\u00e9gr\u00e9 (par exemple, des vid\u00e9os de YouTube). Le contenu int\u00e9gr\u00e9 provenant d'autres sites web se comporte exactement de la m\u00eame mani\u00e8re que si le visiteur avait visit\u00e9 l'autre site web.<\/p>\n\n\n\n<p><strong>Dur\u00e9e de conservation des donn\u00e9es<\/strong> Nous conservons les donn\u00e9es relatives aux demandes d'informations commerciales aussi longtemps que n\u00e9cessaire pour fournir les services demand\u00e9s et remplir les obligations commerciales l\u00e9gales.<\/p>\n\n\n\n<p><strong>Vos droits<\/strong> Vous pouvez demander \u00e0 recevoir un fichier export\u00e9 des donn\u00e9es personnelles que nous d\u00e9tenons \u00e0 votre sujet, ou demander \u00e0 ce que nous effacions toute donn\u00e9e personnelle. Cela n'inclut pas les donn\u00e9es que nous sommes oblig\u00e9s de conserver \u00e0 des fins administratives, juridiques ou de s\u00e9curit\u00e9.<\/p>","protected":false},"excerpt":{"rendered":"<p>Who we are Our website address is: https:\/\/changyupump.com. We are a professional manufacturer of chemical pumps. reCAPTCHA Protection This site is protected by reCAPTCHA and the Google Privacy Policy and Terms of Service apply. Data Collection and Use When you visit our site or submit an inquiry, we collect information such as your name, business&#8230;<\/p>","protected":false},"author":1,"featured_media":0,"parent":0,"menu_order":0,"comment_status":"closed","ping_status":"open","template":"","meta":{"_acf_changed":false,"_kad_blocks_custom_css":"","_kad_blocks_head_custom_js":"","_kad_blocks_body_custom_js":"","_kad_blocks_footer_custom_js":"","_kadence_starter_templates_imported_post":false,"_kad_post_transparent":"","_kad_post_title":"","_kad_post_layout":"","_kad_post_sidebar_id":"","_kad_post_content_style":"","_kad_post_vertical_padding":"","_kad_post_feature":"","_kad_post_feature_position":"","_kad_post_header":false,"_kad_post_footer":false,"footnotes":""},"class_list":["post-3","page","type-page","status-publish","hentry"],"acf":[],"taxonomy_info":[],"featured_image_src_large":false,"author_info":{"display_name":"jade@changyupump.com","author_link":"https:\/\/changyupump.com\/fr\/author\/jadechangyupump-com\/"},"comment_info":0,"_links":{"self":[{"href":"https:\/\/changyupump.com\/fr\/wp-json\/wp\/v2\/pages\/3","targetHints":{"allow":["GET"]}}],"collection":[{"href":"https:\/\/changyupump.com\/fr\/wp-json\/wp\/v2\/pages"}],"about":[{"href":"https:\/\/changyupump.com\/fr\/wp-json\/wp\/v2\/types\/page"}],"author":[{"embeddable":true,"href":"https:\/\/changyupump.com\/fr\/wp-json\/wp\/v2\/users\/1"}],"replies":[{"embeddable":true,"href":"https:\/\/changyupump.com\/fr\/wp-json\/wp\/v2\/comments?post=3"}],"version-history":[{"count":4,"href":"https:\/\/changyupump.com\/fr\/wp-json\/wp\/v2\/pages\/3\/revisions"}],"predecessor-version":[{"id":4374,"href":"https:\/\/changyupump.com\/fr\/wp-json\/wp\/v2\/pages\/3\/revisions\/4374"}],"wp:attachment":[{"href":"https:\/\/changyupump.com\/fr\/wp-json\/wp\/v2\/media?parent=3"}],"curies":[{"name":"wp","href":"https:\/\/api.w.org\/{rel}","templated":true}]}}