{"id":3,"date":"2025-10-13T08:11:50","date_gmt":"2025-10-13T08:11:50","guid":{"rendered":"https:\/\/changyupump.com\/?page_id=3"},"modified":"2026-04-14T03:47:16","modified_gmt":"2026-04-14T03:47:16","slug":"privacy-policy","status":"publish","type":"page","link":"https:\/\/changyupump.com\/pt\/privacy-policy\/","title":{"rendered":"Pol\u00edtica de privacidade"},"content":{"rendered":"<p><strong>Quem somos<\/strong> O endere\u00e7o do nosso s\u00edtio Web \u00e9: <a href=\"https:\/\/changyupump.com\/pt\/\" target=\"_blank\" rel=\"noreferrer noopener\">https:\/\/changyupump.com<\/a>. N\u00f3s somos um fabricante profissional de bombas qu\u00edmicas.<\/p>\n\n\n\n<p><strong>Prote\u00e7\u00e3o reCAPTCHA<\/strong> Este s\u00edtio est\u00e1 protegido pelo reCAPTCHA e pelo Google <a target=\"_blank\" rel=\"noreferrer noopener\" href=\"https:\/\/policies.google.com\/privacy\">Pol\u00edtica de privacidade<\/a> e <a target=\"_blank\" rel=\"noreferrer noopener\" href=\"https:\/\/policies.google.com\/terms\">Termos do servi\u00e7o<\/a> aplicar.<\/p>\n\n\n\n<p><strong>Recolha e utiliza\u00e7\u00e3o de dados<\/strong> Quando visita o nosso site ou envia um pedido de informa\u00e7\u00e3o, recolhemos informa\u00e7\u00f5es como o seu nome, e-mail profissional e n\u00famero de telefone para lhe fornecer or\u00e7amentos exactos e apoio t\u00e9cnico.<\/p>\n\n\n\n<p><strong>Biscoitos<\/strong> Utilizamos cookies para melhorar a funcionalidade do s\u00edtio, recordar as suas prefer\u00eancias lingu\u00edsticas (atrav\u00e9s do TranslatePress) e analisar padr\u00f5es de tr\u00e1fego. Pode gerir as defini\u00e7\u00f5es de cookies no seu browser em qualquer altura.<\/p>\n\n\n\n<p><strong>Conte\u00fado incorporado<\/strong> Os artigos deste s\u00edtio podem incluir conte\u00fado incorporado (por exemplo, v\u00eddeos do YouTube). O conte\u00fado incorporado de outros s\u00edtios Web comporta-se exatamente da mesma forma como se o visitante tivesse visitado o outro s\u00edtio Web.<\/p>\n\n\n\n<p><strong>Durante quanto tempo conservamos os seus dados<\/strong> Conservamos os dados de inqu\u00e9ritos comerciais durante o tempo necess\u00e1rio para prestar os servi\u00e7os solicitados e cumprir as obriga\u00e7\u00f5es comerciais legais.<\/p>\n\n\n\n<p><strong>Os seus direitos<\/strong> Pode pedir para receber um ficheiro exportado dos dados pessoais que temos sobre si, ou pedir que apaguemos quaisquer dados pessoais. Isto n\u00e3o inclui os dados que somos obrigados a manter para fins administrativos, legais ou de seguran\u00e7a.<\/p>","protected":false},"excerpt":{"rendered":"<p>Who we are Our website address is: https:\/\/changyupump.com. We are a professional manufacturer of chemical pumps. reCAPTCHA Protection This site is protected by reCAPTCHA and the Google Privacy Policy and Terms of Service apply. Data Collection and Use When you visit our site or submit an inquiry, we collect information such as your name, business&#8230;<\/p>","protected":false},"author":1,"featured_media":0,"parent":0,"menu_order":0,"comment_status":"closed","ping_status":"open","template":"","meta":{"_acf_changed":false,"_kad_blocks_custom_css":"","_kad_blocks_head_custom_js":"","_kad_blocks_body_custom_js":"","_kad_blocks_footer_custom_js":"","_kadence_starter_templates_imported_post":false,"_kad_post_transparent":"","_kad_post_title":"","_kad_post_layout":"","_kad_post_sidebar_id":"","_kad_post_content_style":"","_kad_post_vertical_padding":"","_kad_post_feature":"","_kad_post_feature_position":"","_kad_post_header":false,"_kad_post_footer":false,"footnotes":""},"class_list":["post-3","page","type-page","status-publish","hentry"],"acf":[],"taxonomy_info":[],"featured_image_src_large":false,"author_info":{"display_name":"jade@changyupump.com","author_link":"https:\/\/changyupump.com\/pt\/author\/jadechangyupump-com\/"},"comment_info":0,"_links":{"self":[{"href":"https:\/\/changyupump.com\/pt\/wp-json\/wp\/v2\/pages\/3","targetHints":{"allow":["GET"]}}],"collection":[{"href":"https:\/\/changyupump.com\/pt\/wp-json\/wp\/v2\/pages"}],"about":[{"href":"https:\/\/changyupump.com\/pt\/wp-json\/wp\/v2\/types\/page"}],"author":[{"embeddable":true,"href":"https:\/\/changyupump.com\/pt\/wp-json\/wp\/v2\/users\/1"}],"replies":[{"embeddable":true,"href":"https:\/\/changyupump.com\/pt\/wp-json\/wp\/v2\/comments?post=3"}],"version-history":[{"count":4,"href":"https:\/\/changyupump.com\/pt\/wp-json\/wp\/v2\/pages\/3\/revisions"}],"predecessor-version":[{"id":4374,"href":"https:\/\/changyupump.com\/pt\/wp-json\/wp\/v2\/pages\/3\/revisions\/4374"}],"wp:attachment":[{"href":"https:\/\/changyupump.com\/pt\/wp-json\/wp\/v2\/media?parent=3"}],"curies":[{"name":"wp","href":"https:\/\/api.w.org\/{rel}","templated":true}]}}