{"id":3,"date":"2025-10-13T08:11:50","date_gmt":"2025-10-13T08:11:50","guid":{"rendered":"https:\/\/changyupump.com\/?page_id=3"},"modified":"2026-04-14T03:47:16","modified_gmt":"2026-04-14T03:47:16","slug":"privacy-policy","status":"publish","type":"page","link":"https:\/\/changyupump.com\/vi\/privacy-policy\/","title":{"rendered":"Ch\u00ednh s\u00e1ch b\u1ea3o m\u1eadt"},"content":{"rendered":"<p><strong>Ch\u00fang t\u00f4i l\u00e0 ai<\/strong> \u0110\u1ecba ch\u1ec9 trang web c\u1ee7a ch\u00fang t\u00f4i l\u00e0: <a href=\"https:\/\/changyupump.com\/vi\/\" target=\"_blank\" rel=\"noreferrer noopener\">https:\/\/changyupump.com<\/a>. Ch\u00fang t\u00f4i l\u00e0 nh\u00e0 s\u1ea3n xu\u1ea5t chuy\u00ean nghi\u1ec7p v\u1ec1 m\u00e1y b\u01a1m h\u00f3a ch\u1ea5t.<\/p>\n\n\n\n<p><strong>B\u1ea3o v\u1ec7 reCAPTCHA<\/strong> Trang web n\u00e0y \u0111\u01b0\u1ee3c b\u1ea3o v\u1ec7 b\u1edfi reCAPTCHA v\u00e0 Google <a target=\"_blank\" rel=\"noreferrer noopener\" href=\"https:\/\/policies.google.com\/privacy\">Ch\u00ednh s\u00e1ch b\u1ea3o m\u1eadt<\/a> v\u00e0 <a target=\"_blank\" rel=\"noreferrer noopener\" href=\"https:\/\/policies.google.com\/terms\">\u0110i\u1ec1u kho\u1ea3n d\u1ecbch v\u1ee5<\/a> \u00e1p d\u1ee5ng.<\/p>\n\n\n\n<p><strong>Thu th\u1eadp v\u00e0 s\u1eed d\u1ee5ng d\u1eef li\u1ec7u<\/strong> Khi qu\u00fd kh\u00e1ch truy c\u1eadp trang web c\u1ee7a ch\u00fang t\u00f4i ho\u1eb7c g\u1eedi y\u00eau c\u1ea7u, ch\u00fang t\u00f4i s\u1ebd thu th\u1eadp c\u00e1c th\u00f4ng tin nh\u01b0 t\u00ean, \u0111\u1ecba ch\u1ec9 email c\u00f4ng vi\u1ec7c v\u00e0 s\u1ed1 \u0111i\u1ec7n tho\u1ea1i c\u1ee7a qu\u00fd kh\u00e1ch \u0111\u1ec3 cung c\u1ea5p b\u00e1o gi\u00e1 ch\u00ednh x\u00e1c v\u00e0 h\u1ed7 tr\u1ee3 k\u1ef9 thu\u1eadt.<\/p>\n\n\n\n<p><strong>Cookie<\/strong> Ch\u00fang t\u00f4i s\u1eed d\u1ee5ng cookie \u0111\u1ec3 c\u1ea3i thi\u1ec7n ch\u1ee9c n\u0103ng c\u1ee7a trang web, ghi nh\u1edb c\u00e0i \u0111\u1eb7t ng\u00f4n ng\u1eef c\u1ee7a b\u1ea1n (th\u00f4ng qua TranslatePress) v\u00e0 ph\u00e2n t\u00edch xu h\u01b0\u1edbng truy c\u1eadp. B\u1ea1n c\u00f3 th\u1ec3 qu\u1ea3n l\u00fd c\u00e0i \u0111\u1eb7t cookie trong tr\u00ecnh duy\u1ec7t c\u1ee7a m\u00ecnh b\u1ea5t c\u1ee9 l\u00fac n\u00e0o.<\/p>\n\n\n\n<p><strong>N\u1ed9i dung nh\u00fang<\/strong> C\u00e1c b\u00e0i vi\u1ebft tr\u00ean trang web n\u00e0y c\u00f3 th\u1ec3 ch\u1ee9a n\u1ed9i dung \u0111\u01b0\u1ee3c nh\u00fang (v\u00ed d\u1ee5: video t\u1eeb YouTube). N\u1ed9i dung \u0111\u01b0\u1ee3c nh\u00fang t\u1eeb c\u00e1c trang web kh\u00e1c ho\u1ea1t \u0111\u1ed9ng ho\u00e0n to\u00e0n gi\u1ed1ng nh\u01b0 khi ng\u01b0\u1eddi d\u00f9ng truy c\u1eadp tr\u1ef1c ti\u1ebfp v\u00e0o trang web \u0111\u00f3.<\/p>\n\n\n\n<p><strong>Ch\u00fang t\u00f4i l\u01b0u gi\u1eef d\u1eef li\u1ec7u c\u1ee7a b\u1ea1n trong bao l\u00e2u<\/strong> Ch\u00fang t\u00f4i l\u01b0u gi\u1eef d\u1eef li\u1ec7u y\u00eau c\u1ea7u kinh doanh trong th\u1eddi gian c\u1ea7n thi\u1ebft \u0111\u1ec3 cung c\u1ea5p c\u00e1c d\u1ecbch v\u1ee5 \u0111\u01b0\u1ee3c y\u00eau c\u1ea7u v\u00e0 th\u1ef1c hi\u1ec7n c\u00e1c ngh\u0129a v\u1ee5 ph\u00e1p l\u00fd li\u00ean quan \u0111\u1ebfn ho\u1ea1t \u0111\u1ed9ng kinh doanh.<\/p>\n\n\n\n<p><strong>Quy\u1ec1n c\u1ee7a b\u1ea1n<\/strong> B\u1ea1n c\u00f3 th\u1ec3 y\u00eau c\u1ea7u nh\u1eadn t\u1ec7p d\u1eef li\u1ec7u c\u00e1 nh\u00e2n m\u00e0 ch\u00fang t\u00f4i l\u01b0u tr\u1eef v\u1ec1 b\u1ea1n d\u01b0\u1edbi d\u1ea1ng t\u1ec7p xu\u1ea5t, ho\u1eb7c y\u00eau c\u1ea7u ch\u00fang t\u00f4i x\u00f3a b\u1ea5t k\u1ef3 d\u1eef li\u1ec7u c\u00e1 nh\u00e2n n\u00e0o. \u0110i\u1ec1u n\u00e0y kh\u00f4ng bao g\u1ed3m d\u1eef li\u1ec7u m\u00e0 ch\u00fang t\u00f4i c\u00f3 ngh\u0129a v\u1ee5 ph\u1ea3i l\u01b0u gi\u1eef v\u00ec m\u1ee5c \u0111\u00edch h\u00e0nh ch\u00ednh, ph\u00e1p l\u00fd ho\u1eb7c an ninh.<\/p>","protected":false},"excerpt":{"rendered":"<p>Who we are Our website address is: https:\/\/changyupump.com. We are a professional manufacturer of chemical pumps. reCAPTCHA Protection This site is protected by reCAPTCHA and the Google Privacy Policy and Terms of Service apply. Data Collection and Use When you visit our site or submit an inquiry, we collect information such as your name, business&#8230;<\/p>","protected":false},"author":1,"featured_media":0,"parent":0,"menu_order":0,"comment_status":"closed","ping_status":"open","template":"","meta":{"_acf_changed":false,"_kad_blocks_custom_css":"","_kad_blocks_head_custom_js":"","_kad_blocks_body_custom_js":"","_kad_blocks_footer_custom_js":"","_kadence_starter_templates_imported_post":false,"_kad_post_transparent":"","_kad_post_title":"","_kad_post_layout":"","_kad_post_sidebar_id":"","_kad_post_content_style":"","_kad_post_vertical_padding":"","_kad_post_feature":"","_kad_post_feature_position":"","_kad_post_header":false,"_kad_post_footer":false,"footnotes":""},"class_list":["post-3","page","type-page","status-publish","hentry"],"acf":[],"taxonomy_info":[],"featured_image_src_large":false,"author_info":{"display_name":"jade@changyupump.com","author_link":"https:\/\/changyupump.com\/vi\/author\/jadechangyupump-com\/"},"comment_info":0,"_links":{"self":[{"href":"https:\/\/changyupump.com\/vi\/wp-json\/wp\/v2\/pages\/3","targetHints":{"allow":["GET"]}}],"collection":[{"href":"https:\/\/changyupump.com\/vi\/wp-json\/wp\/v2\/pages"}],"about":[{"href":"https:\/\/changyupump.com\/vi\/wp-json\/wp\/v2\/types\/page"}],"author":[{"embeddable":true,"href":"https:\/\/changyupump.com\/vi\/wp-json\/wp\/v2\/users\/1"}],"replies":[{"embeddable":true,"href":"https:\/\/changyupump.com\/vi\/wp-json\/wp\/v2\/comments?post=3"}],"version-history":[{"count":4,"href":"https:\/\/changyupump.com\/vi\/wp-json\/wp\/v2\/pages\/3\/revisions"}],"predecessor-version":[{"id":4374,"href":"https:\/\/changyupump.com\/vi\/wp-json\/wp\/v2\/pages\/3\/revisions\/4374"}],"wp:attachment":[{"href":"https:\/\/changyupump.com\/vi\/wp-json\/wp\/v2\/media?parent=3"}],"curies":[{"name":"wp","href":"https:\/\/api.w.org\/{rel}","templated":true}]}}